{"id":2992,"date":"2021-08-19T12:01:58","date_gmt":"2021-08-19T10:01:58","guid":{"rendered":"https:\/\/www.mobilverde.com\/mission-werte\/"},"modified":"2021-10-11T14:21:25","modified_gmt":"2021-10-11T12:21:25","slug":"mission-and-values","status":"publish","type":"page","link":"https:\/\/www.mobilverde.com\/en\/about-us\/mission-and-values\/","title":{"rendered":"Mission and values"},"content":{"rendered":"<section class=\"l-section wpb_row height_medium\"><div class=\"l-section-h i-cf\"><div class=\"g-cols vc_row via_flex valign_top type_default stacking_default\"><div class=\"vc_col-sm-12 wpb_column vc_column_container\"><div class=\"vc_column-inner\"><div class=\"wpb_wrapper\"><h1 class=\"w-text icon_atleft\"><span class=\"w-text-h\"><i class=\"fas fa-angle-right\"><\/i><span class=\"w-text-value\">Mission and values<\/span><\/span><\/h1><div class=\"w-separator size_small\"><\/div><div class=\"g-cols wpb_row via_flex valign_top type_default stacking_default\"><div class=\"vc_col-sm-6 wpb_column vc_column_container\"><div class=\"vc_column-inner\"><div class=\"wpb_wrapper\"><div class=\"wpb_text_column\"><div class=\"wpb_wrapper\"><p>In this interview, mobilverde\u2019s managing director Dr J\u00fcrgen Kostka answers some questions about the company\u2019s mission and values.<\/p>\n<h4>Dr Kostka, what does mobilverde stand for?<\/h4>\n<p>J Kostka: \u201cAs a technology company, we support our customers with integrated solutions, from conception to delivery of the finished products to their global manufacturing sites. Based on our many years\u2019 experience in the automotive, aviation and industry fields, the company was founded in 2010 with the objective of supplying our customers with innovative, cost-effective and high quality products. Our expertise lies in the areas die casting, CNC processing, plastic injection molding, stamping technology and permanent magnets. Based on these areas of expertise, we are today in a position to offer our customers complete system solutions. Our customers include globally active medium-sized companies and larger corporations, who we supply worldwide.\u201d<\/p>\n<h4>mobilverde is able to draw upon an extensive international cooperation network. What objective do you pursue in the international market?<\/h4>\n<p>J Kostka: \u201cWorking together with our customers, production facilities and logistics partners, we want to make a decisive contribution to worldwide supply in the business areas automotive, aviation, industry and special OEM, and with innovative, cost-effective and high quality products.\u201d<\/p>\n<\/div><\/div><div class=\"w-separator size_small\"><\/div><div class=\"w-image align_none\"><div class=\"w-image-h\"><img loading=\"lazy\" decoding=\"async\" width=\"600\" height=\"400\" src=\"https:\/\/www.mobilverde.com\/wp-content\/uploads\/2021\/07\/960x600-Interview-3-600x400.jpg\" class=\"attachment-us_600_400_crop size-us_600_400_crop\" alt=\"\" srcset=\"https:\/\/www.mobilverde.com\/wp-content\/uploads\/2021\/07\/960x600-Interview-3-600x400.jpg 600w, https:\/\/www.mobilverde.com\/wp-content\/uploads\/2021\/07\/960x600-Interview-3-900x600.jpg 900w\" sizes=\"auto, (max-width: 600px) 100vw, 600px\" \/><\/div><\/div><div class=\"w-separator size_small\"><\/div><div class=\"wpb_text_column\"><div class=\"wpb_wrapper\"><h4>How is mobilverde achieving this objective?<\/h4>\n<p>J Kostka: \u201cOn the one hand, we can draw upon precise knowledge of international markets in the sectors in which we operate. As a result, we are ideally placed to orientate ourselves to our customers\u2019 needs, and so fulfil their expectations. And on the other, we have the relevant technical knowhow. We are therefore in a position to support our customers from conception to delivery of the finished product. A further decisive factor lies in our personal consultations and our availability for our customers. We are there when we are needed.\u201d<\/p>\n<h4>In the upstream market, operation on an international level is a fundamental requirement. What benefits arise from this?<\/h4>\n<p>J Kostka: \u201cWe are able to offer our customers competitive terms and at the same time the highest quality. One reason for this is our many years\u2019 working with worldwide production sites, and the resulting knowledge of market processes in the various countries. But our excellent relationships with our customers and suppliers represent a much more important foundation. These relationships have been built up over many years, and have developed into trusting partnerships.\u201d<\/p>\n<\/div><\/div><\/div><\/div><\/div><div class=\"vc_col-sm-6 wpb_column vc_column_container\"><div class=\"vc_column-inner\"><div class=\"wpb_wrapper\"><div class=\"w-image align_none\"><div class=\"w-image-h\"><img loading=\"lazy\" decoding=\"async\" width=\"600\" height=\"400\" src=\"https:\/\/www.mobilverde.com\/wp-content\/uploads\/2021\/07\/960x600-Interview-2-600x400.jpg\" class=\"attachment-us_600_400_crop size-us_600_400_crop\" alt=\"\" srcset=\"https:\/\/www.mobilverde.com\/wp-content\/uploads\/2021\/07\/960x600-Interview-2-600x400.jpg 600w, https:\/\/www.mobilverde.com\/wp-content\/uploads\/2021\/07\/960x600-Interview-2-900x600.jpg 900w\" sizes=\"auto, (max-width: 600px) 100vw, 600px\" \/><\/div><\/div><div class=\"w-separator size_small\"><\/div><div class=\"wpb_text_column\"><div class=\"wpb_wrapper\"><h4>When supplying the automotive, aviation and industrial sectors, the very highest quality requirements apply. What measures does mobilverde take in order to fulfil these requirements?<\/h4>\n<p>J Kostka: \u201cIt is true that these sectors place great demands on suppliers. That is completely understandable. We respond to these demands for the highest quality, making them the basis of our actions. In practice, this means that we are certified to DIN EN ISO 9001:2015. Our external production sites are similarly certified to the standards important in their respective areas, such as IATF 16949, ISO 9001, NADCAP or ISO 14001, and which guarantee the highest quality in respect of production processes and products. Furthermore, close contact, plus regular audits at the individual sites, ensures that they always work to the same high quality standards.\u201d<\/p>\n<h4>The above-mentioned sectors not only make high quality demands of the products, but also of suppliers. How does mobilverde understand being able to supply customers in demanding international markets with the right solutions?<\/h4>\n<p>J Kostka: \u201cAs well as the high demands we make of our services, we also have a multinational team that combines many years\u2019 experience in worldwide supply with commercial knowhow and technical expertise. This means we are adept at working with technically complex products and seamlessly integrating them into production chains.\u201d<\/p>\n<h4>Corporate social responsibility is an important topic. How does mobilverde combine economic efficiency with responsible actions?<\/h4>\n<p>J Kostka: \u201cWe think beyond the here and now, and strive for long-term relationships that benefit all involved. This corresponds with our self-image. Part of this is naturally that we are socially committed and promote charitable institutions. We regularly award contracts to the Lebenshilfe, which is a self-help organisation for people with learning disabilities here in Germany. People with learning disabilities undertake assembly and packaging work for us. What\u2019s more, we support the work of Rotary International, and plan to support projects in the countries in which we are active. The intention is to not only profit from one another commercially, but also to make a contribution to international understanding \u2013 even if only on a small scale.<\/p>\n<\/div><\/div><div class=\"w-separator size_small\"><\/div><div class=\"w-image us_custom_3000a3fb align_none\"><div class=\"w-image-h\"><img loading=\"lazy\" decoding=\"async\" width=\"452\" height=\"202\" src=\"https:\/\/www.mobilverde.com\/wp-content\/uploads\/2021\/07\/sociales-engaement.jpg\" class=\"attachment-full size-full\" alt=\"\" srcset=\"https:\/\/www.mobilverde.com\/wp-content\/uploads\/2021\/07\/sociales-engaement.jpg 452w, https:\/\/www.mobilverde.com\/wp-content\/uploads\/2021\/07\/sociales-engaement-300x134.jpg 300w\" sizes=\"auto, (max-width: 452px) 100vw, 452px\" \/><\/div><\/div><\/div><\/div><\/div><\/div><\/div><\/div><\/div><\/div><\/div><\/section>\n","protected":false},"excerpt":{"rendered":"Mission and valuesIn this interview, mobilverde\u2019s managing director Dr J\u00fcrgen Kostka answers some questions about the company\u2019s mission and values. Dr Kostka, what does mobilverde stand for? J Kostka: \u201cAs a technology company, we support our customers with integrated solutions, from conception to delivery of the finished products to their global manufacturing sites. Based on...","protected":false},"author":1,"featured_media":2843,"parent":3025,"menu_order":0,"comment_status":"closed","ping_status":"closed","template":"","meta":{"inline_featured_image":false,"footnotes":""},"class_list":["post-2992","page","type-page","status-publish","has-post-thumbnail","hentry"],"yoast_head":"<!-- This site is optimized with the Yoast SEO plugin v19.10 - https:\/\/yoast.com\/wordpress\/plugins\/seo\/ -->\n<title>Unsere Mission &amp; Werte | mobilverde<\/title>\n<meta name=\"description\" content=\"Im Interview erl\u00e4utert der Gesch\u00e4ftsf\u00fchrer der mobilverde, Herr Dr. J\u00fcrgen Kostka Fragen zu Mission und Werten der Gesellschaft.\" \/>\n<meta name=\"robots\" content=\"index, follow, max-snippet:-1, max-image-preview:large, max-video-preview:-1\" \/>\n<link rel=\"canonical\" href=\"https:\/\/www.mobilverde.com\/en\/about-us\/mission-and-values\/\" \/>\n<meta property=\"og:locale\" content=\"en_US\" \/>\n<meta property=\"og:type\" content=\"article\" \/>\n<meta property=\"og:title\" content=\"Unsere Mission &amp; Werte | mobilverde\" \/>\n<meta property=\"og:description\" content=\"Im Interview erl\u00e4utert der Gesch\u00e4ftsf\u00fchrer der mobilverde, Herr Dr. J\u00fcrgen Kostka Fragen zu Mission und Werten der Gesellschaft.\" \/>\n<meta property=\"og:url\" content=\"https:\/\/www.mobilverde.com\/en\/about-us\/mission-and-values\/\" \/>\n<meta property=\"og:site_name\" content=\"Mobilverde\" \/>\n<meta property=\"article:modified_time\" content=\"2021-10-11T12:21:25+00:00\" \/>\n<meta property=\"og:image\" content=\"https:\/\/www.mobilverde.com\/wp-content\/uploads\/2021\/07\/ueber-uns.jpg\" \/>\n\t<meta property=\"og:image:width\" content=\"1800\" \/>\n\t<meta property=\"og:image:height\" content=\"800\" \/>\n\t<meta property=\"og:image:type\" content=\"image\/jpeg\" \/>\n<meta name=\"twitter:card\" content=\"summary_large_image\" \/>\n<meta name=\"twitter:label1\" content=\"Est. reading time\" \/>\n\t<meta name=\"twitter:data1\" content=\"4 minutes\" \/>\n<script type=\"application\/ld+json\" class=\"yoast-schema-graph\">{\"@context\":\"https:\/\/schema.org\",\"@graph\":[{\"@type\":\"WebPage\",\"@id\":\"https:\/\/www.mobilverde.com\/en\/about-us\/mission-and-values\/\",\"url\":\"https:\/\/www.mobilverde.com\/en\/about-us\/mission-and-values\/\",\"name\":\"Unsere Mission & Werte | mobilverde\",\"isPartOf\":{\"@id\":\"https:\/\/www.mobilverde.com\/en\/#website\"},\"datePublished\":\"2021-08-19T10:01:58+00:00\",\"dateModified\":\"2021-10-11T12:21:25+00:00\",\"description\":\"Im Interview erl\u00e4utert der Gesch\u00e4ftsf\u00fchrer der mobilverde, Herr Dr. J\u00fcrgen Kostka Fragen zu Mission und Werten der Gesellschaft.\",\"breadcrumb\":{\"@id\":\"https:\/\/www.mobilverde.com\/en\/about-us\/mission-and-values\/#breadcrumb\"},\"inLanguage\":\"en-US\",\"potentialAction\":[{\"@type\":\"ReadAction\",\"target\":[\"https:\/\/www.mobilverde.com\/en\/about-us\/mission-and-values\/\"]}]},{\"@type\":\"BreadcrumbList\",\"@id\":\"https:\/\/www.mobilverde.com\/en\/about-us\/mission-and-values\/#breadcrumb\",\"itemListElement\":[{\"@type\":\"ListItem\",\"position\":1,\"name\":\"Startseite\",\"item\":\"https:\/\/www.mobilverde.com\/en\/\"},{\"@type\":\"ListItem\",\"position\":2,\"name\":\"About us\",\"item\":\"https:\/\/www.mobilverde.com\/en\/about-us\/\"},{\"@type\":\"ListItem\",\"position\":3,\"name\":\"Mission and values\"}]},{\"@type\":\"WebSite\",\"@id\":\"https:\/\/www.mobilverde.com\/en\/#website\",\"url\":\"https:\/\/www.mobilverde.com\/en\/\",\"name\":\"Mobilverde\",\"description\":\"Eine weitere WordPress-Website\",\"potentialAction\":[{\"@type\":\"SearchAction\",\"target\":{\"@type\":\"EntryPoint\",\"urlTemplate\":\"https:\/\/www.mobilverde.com\/en\/?s={search_term_string}\"},\"query-input\":\"required name=search_term_string\"}],\"inLanguage\":\"en-US\"}]}<\/script>\n<!-- \/ Yoast SEO plugin. -->","yoast_head_json":{"title":"Unsere Mission & Werte | mobilverde","description":"Im Interview erl\u00e4utert der Gesch\u00e4ftsf\u00fchrer der mobilverde, Herr Dr. J\u00fcrgen Kostka Fragen zu Mission und Werten der Gesellschaft.","robots":{"index":"index","follow":"follow","max-snippet":"max-snippet:-1","max-image-preview":"max-image-preview:large","max-video-preview":"max-video-preview:-1"},"canonical":"https:\/\/www.mobilverde.com\/en\/about-us\/mission-and-values\/","og_locale":"en_US","og_type":"article","og_title":"Unsere Mission & Werte | mobilverde","og_description":"Im Interview erl\u00e4utert der Gesch\u00e4ftsf\u00fchrer der mobilverde, Herr Dr. J\u00fcrgen Kostka Fragen zu Mission und Werten der Gesellschaft.","og_url":"https:\/\/www.mobilverde.com\/en\/about-us\/mission-and-values\/","og_site_name":"Mobilverde","article_modified_time":"2021-10-11T12:21:25+00:00","og_image":[{"width":1800,"height":800,"url":"https:\/\/www.mobilverde.com\/wp-content\/uploads\/2021\/07\/ueber-uns.jpg","type":"image\/jpeg"}],"twitter_card":"summary_large_image","twitter_misc":{"Est. reading time":"4 minutes"},"schema":{"@context":"https:\/\/schema.org","@graph":[{"@type":"WebPage","@id":"https:\/\/www.mobilverde.com\/en\/about-us\/mission-and-values\/","url":"https:\/\/www.mobilverde.com\/en\/about-us\/mission-and-values\/","name":"Unsere Mission & Werte | mobilverde","isPartOf":{"@id":"https:\/\/www.mobilverde.com\/en\/#website"},"datePublished":"2021-08-19T10:01:58+00:00","dateModified":"2021-10-11T12:21:25+00:00","description":"Im Interview erl\u00e4utert der Gesch\u00e4ftsf\u00fchrer der mobilverde, Herr Dr. J\u00fcrgen Kostka Fragen zu Mission und Werten der Gesellschaft.","breadcrumb":{"@id":"https:\/\/www.mobilverde.com\/en\/about-us\/mission-and-values\/#breadcrumb"},"inLanguage":"en-US","potentialAction":[{"@type":"ReadAction","target":["https:\/\/www.mobilverde.com\/en\/about-us\/mission-and-values\/"]}]},{"@type":"BreadcrumbList","@id":"https:\/\/www.mobilverde.com\/en\/about-us\/mission-and-values\/#breadcrumb","itemListElement":[{"@type":"ListItem","position":1,"name":"Startseite","item":"https:\/\/www.mobilverde.com\/en\/"},{"@type":"ListItem","position":2,"name":"About us","item":"https:\/\/www.mobilverde.com\/en\/about-us\/"},{"@type":"ListItem","position":3,"name":"Mission and values"}]},{"@type":"WebSite","@id":"https:\/\/www.mobilverde.com\/en\/#website","url":"https:\/\/www.mobilverde.com\/en\/","name":"Mobilverde","description":"Eine weitere WordPress-Website","potentialAction":[{"@type":"SearchAction","target":{"@type":"EntryPoint","urlTemplate":"https:\/\/www.mobilverde.com\/en\/?s={search_term_string}"},"query-input":"required name=search_term_string"}],"inLanguage":"en-US"}]}},"_links":{"self":[{"href":"https:\/\/www.mobilverde.com\/en\/wp-json\/wp\/v2\/pages\/2992","targetHints":{"allow":["GET"]}}],"collection":[{"href":"https:\/\/www.mobilverde.com\/en\/wp-json\/wp\/v2\/pages"}],"about":[{"href":"https:\/\/www.mobilverde.com\/en\/wp-json\/wp\/v2\/types\/page"}],"author":[{"embeddable":true,"href":"https:\/\/www.mobilverde.com\/en\/wp-json\/wp\/v2\/users\/1"}],"replies":[{"embeddable":true,"href":"https:\/\/www.mobilverde.com\/en\/wp-json\/wp\/v2\/comments?post=2992"}],"version-history":[{"count":4,"href":"https:\/\/www.mobilverde.com\/en\/wp-json\/wp\/v2\/pages\/2992\/revisions"}],"predecessor-version":[{"id":3174,"href":"https:\/\/www.mobilverde.com\/en\/wp-json\/wp\/v2\/pages\/2992\/revisions\/3174"}],"up":[{"embeddable":true,"href":"https:\/\/www.mobilverde.com\/en\/wp-json\/wp\/v2\/pages\/3025"}],"wp:featuredmedia":[{"embeddable":true,"href":"https:\/\/www.mobilverde.com\/en\/wp-json\/wp\/v2\/media\/2843"}],"wp:attachment":[{"href":"https:\/\/www.mobilverde.com\/en\/wp-json\/wp\/v2\/media?parent=2992"}],"curies":[{"name":"wp","href":"https:\/\/api.w.org\/{rel}","templated":true}]}}