{"id":2993,"date":"2021-07-07T15:29:21","date_gmt":"2021-07-07T13:29:21","guid":{"rendered":"https:\/\/www.mobilverde.com\/konzept\/"},"modified":"2024-03-18T16:29:47","modified_gmt":"2024-03-18T15:29:47","slug":"concept","status":"publish","type":"page","link":"https:\/\/www.mobilverde.com\/en\/about-us\/concept\/","title":{"rendered":"Concept"},"content":{"rendered":"<section class=\"l-section wpb_row height_huge\"><div class=\"l-section-h i-cf\"><div class=\"g-cols vc_row via_flex valign_top type_default stacking_default\"><div class=\"vc_col-sm-12 wpb_column vc_column_container\"><div class=\"vc_column-inner\"><div class=\"wpb_wrapper\"><div class=\"w-separator size_custom\" style=\"height:15rem\" id=\"mac2\"><style>@media(max-width:1024px){ #mac2{height:5rem!important}}@media(max-width:600px){ #mac2{height:5rem!important}}<\/style><\/div><\/div><\/div><\/div><\/div><\/div><\/section><section class=\"l-section wpb_row height_medium\"><div class=\"l-section-h i-cf\"><div class=\"g-cols vc_row via_flex valign_top type_default stacking_default\"><div class=\"vc_col-sm-12 wpb_column vc_column_container\"><div class=\"vc_column-inner\"><div class=\"wpb_wrapper\"><h1 class=\"w-text icon_atleft\"><span class=\"w-text-h\"><i class=\"fas fa-angle-right\"><\/i><span class=\"w-text-value\">Concept: \u201cIdeally positioned in all areas!\u201d<\/span><\/span><\/h1><div class=\"w-separator size_small\"><\/div><\/div><\/div><\/div><div class=\"vc_col-sm-6 wpb_column vc_column_container\"><div class=\"vc_column-inner\"><div class=\"wpb_wrapper\"><div class=\"wpb_text_column\"><div class=\"wpb_wrapper\"><p>We offer you integrated solution approaches, from conception to delivery of the finished product to your global manufacturing sites. Thanks to our expertise in our fields of competence, we realise high quality, technologically innovative and at the same time cost-effective product solutions.<\/p>\n<p>Only those who understand the individual areas and the interrelationships between them are able to develop an optimum overall concept. Thanks to our expertise in the various disciplines, we are in a position to offer you the individual solution that you need.<\/p>\n<p>We identify the best manufacturing methods, tailored to the respective project requirements, and develop the logistics solutions. In the concept and development phase, we use the very latest design and simulation tools.<\/p>\n<\/div><\/div><\/div><\/div><\/div><div class=\"vc_col-sm-6 wpb_column vc_column_container\"><div class=\"vc_column-inner\"><div class=\"wpb_wrapper\"><div class=\"w-image align_none\"><div class=\"w-image-h\"><img loading=\"lazy\" decoding=\"async\" width=\"900\" height=\"600\" src=\"https:\/\/www.mobilverde.com\/wp-content\/uploads\/2021\/08\/konzept-01-900x600.jpg\" class=\"attachment-us_900_600_crop size-us_900_600_crop\" alt=\"\" srcset=\"https:\/\/www.mobilverde.com\/wp-content\/uploads\/2021\/08\/konzept-01-900x600.jpg 900w, https:\/\/www.mobilverde.com\/wp-content\/uploads\/2021\/08\/konzept-01-600x400.jpg 600w\" sizes=\"auto, (max-width: 900px) 100vw, 900px\" \/><\/div><\/div><\/div><\/div><\/div><\/div><\/div><\/section><section class=\"l-section wpb_row height_medium color_alternate\"><div class=\"l-section-h i-cf\"><div class=\"g-cols vc_row via_flex valign_middle type_default stacking_default\"><div class=\"vc_col-sm-6 wpb_column vc_column_container\"><div class=\"vc_column-inner\"><div class=\"wpb_wrapper\"><h2 class=\"w-text icon_atleft\"><span class=\"w-text-h\"><i class=\"fas fa-angle-right\"><\/i><span class=\"w-text-value\">Our service approach: \u201cOur expertise is your benefit!\u201d<\/span><\/span><\/h2><div class=\"wpb_text_column\"><div class=\"wpb_wrapper\"><p>We help you overcome obstacles, master new challenges and effectively take advantage of opportunities that arise. Starting with the product idea, we play a decisive role in market-orientated, production-ready product development. We guide your vision with a feasibility study in the early stage, assist you with prototype development and provide valuable input when it comes to validating your product. Finally, we ensure high quality, cost-effective, stable series production in our external production facilities, so you can fully concentrate on your core business.<\/p>\n<\/div><\/div><\/div><\/div><\/div><div class=\"vc_col-sm-6 wpb_column vc_column_container\"><div class=\"vc_column-inner\"><div class=\"wpb_wrapper\"><div class=\"w-image us_custom_47474b22 us_animate_this align_none\"><a href=\"https:\/\/www.mobilverde.com\/wp-content\/uploads\/2021\/08\/Infografik-1-mobilverde.svg\" ref=\"magnificPopup\" aria-label=\"Link\" class=\"w-image-h\"><img loading=\"lazy\" decoding=\"async\" width=\"1024\" height=\"1024\" src=\"https:\/\/www.mobilverde.com\/wp-content\/uploads\/2021\/08\/Infografik-1-mobilverde.svg\" class=\"attachment-large size-large\" alt=\"\" \/><\/a><\/div><\/div><\/div><\/div><\/div><\/div><\/section><section class=\"l-section wpb_row height_medium color_alternate\"><div class=\"l-section-h i-cf\"><div class=\"g-cols vc_row via_flex valign_middle type_default stacking_default\"><div class=\"vc_col-sm-6 wpb_column vc_column_container\"><div class=\"vc_column-inner\"><div class=\"wpb_wrapper\"><h2 class=\"w-text icon_atleft\"><span class=\"w-text-h\"><i class=\"fas fa-angle-right\"><\/i><span class=\"w-text-value\">Our way of working: \u201cAdded value fosters customer loyalty!\u201d<\/span><\/span><\/h2><div class=\"wpb_text_column\"><div class=\"wpb_wrapper\"><p>We are an end-to-end solutions provider \u2013 our range of services covers all project phases, from advice at the initial conception stage, and spanning planning, realisation and\u00a0 implementation, right up to support in your daily business. The complete production process up to the ready-for-delivery part is accompanied by measurement and test processes. An inspection plan, comprising a QM plan\/production control plan, includes all inspections for preparation, manufacture and dispatch. And of course, the tests themselves are documented and archived accordingly. We deliver the finished product directly to your worldwide production sites.<\/p>\n<\/div><\/div><\/div><\/div><\/div><div class=\"vc_col-sm-6 wpb_column vc_column_container\"><div class=\"vc_column-inner\"><div class=\"wpb_wrapper\"><div class=\"w-image us_custom_47474b22 us_animate_this align_none\"><a href=\"https:\/\/www.mobilverde.com\/wp-content\/uploads\/2021\/08\/Element-1@2000x.png\" ref=\"magnificPopup\" aria-label=\"Link\" class=\"w-image-h\"><img loading=\"lazy\" decoding=\"async\" width=\"1024\" height=\"854\" src=\"https:\/\/www.mobilverde.com\/wp-content\/uploads\/2021\/08\/Element-1@2000x-1024x854.png\" class=\"attachment-large size-large\" alt=\"\" srcset=\"https:\/\/www.mobilverde.com\/wp-content\/uploads\/2021\/08\/Element-1@2000x-1024x854.png 1024w, https:\/\/www.mobilverde.com\/wp-content\/uploads\/2021\/08\/Element-1@2000x-300x250.png 300w, https:\/\/www.mobilverde.com\/wp-content\/uploads\/2021\/08\/Element-1@2000x.png 2000w\" sizes=\"auto, (max-width: 1024px) 100vw, 1024px\" \/><\/a><\/div><\/div><\/div><\/div><\/div><\/div><\/section><section class=\"l-section wpb_row height_medium color_alternate\"><div class=\"l-section-h i-cf\"><div class=\"g-cols vc_row via_flex valign_top type_default stacking_default\"><div class=\"vc_col-sm-12 wpb_column vc_column_container\"><div class=\"vc_column-inner\"><div class=\"wpb_wrapper\"><h2 class=\"w-text icon_atleft\"><span class=\"w-text-h\"><i class=\"fas fa-angle-right\"><\/i><span class=\"w-text-value\">Verified quality<\/span><\/span><\/h2><div class=\"w-separator size_small\" id=\"d9e2\"><style>@media(max-width:600px){ #d9e2{height:0px!important}}<\/style><\/div><\/div><\/div><\/div><div class=\"vc_col-sm-6 wpb_column vc_column_container\"><div class=\"vc_column-inner\"><div class=\"wpb_wrapper\"><div class=\"wpb_text_column\"><div class=\"wpb_wrapper\"><p>We carry out the following strict quality plans and production controls:<\/p>\n<ul>\n<li>FA\/QI \u2013 First article and quality inspection (FA\/QI)<\/li>\n<li>FMEA \u2013 A failure mode and effects analysis (FMEA) is a tool that is used in order to identify and resolve potential errors in products and processes.<\/li>\n<li>SPC \u2013 Statistical process control (SPC) describes several fundamental and enhanced statistical methods to ensure that your process improvements are more effective.<\/li>\n<li>PPAP \u2013 Production part approval process (PPAP) is the industry standard, and which ensures that the design and product specification requirements are met.<\/li>\n<li>APQP \u2013 Advanced product quality planning (APQP) and control plans reduce the complexity of the product quality planning, in accordance with ISO systems.<\/li>\n<li>MSA \u2013 the measurement data in the measurement system analysis (MSA) monitors virtually every process. When the data quality improves, the quality of the decisions also improves.<\/li>\n<\/ul>\n<\/div><\/div><\/div><\/div><\/div><div class=\"vc_col-sm-6 wpb_column vc_column_container\"><div class=\"vc_column-inner\"><div class=\"wpb_wrapper\"><div class=\"wpb_text_column\"><div class=\"wpb_wrapper\"><p>Our quality management procedures span all actions relating to planning, controlling and optimising processes on the basis of stated requirements. The aim of quality management is to improve the quality of a product or service, and therefore also increase customer satisfaction. In order to ensure this, all our facilities are equipped with the necessary testing equipment for measurement tests, visual inspections and functional tests.<\/p>\n<\/div><\/div><\/div><\/div><\/div><\/div><\/div><\/section><section class=\"l-section wpb_row height_medium\"><div class=\"l-section-h i-cf\"><div class=\"g-cols vc_row via_flex valign_top type_default stacking_default\"><div class=\"vc_col-sm-12 wpb_column vc_column_container\"><div class=\"vc_column-inner\"><div class=\"wpb_wrapper\"><h2 class=\"w-text icon_atleft\"><span class=\"w-text-h\"><i class=\"fas fa-angle-right\"><\/i><span class=\"w-text-value\">Your overview of our international activities<\/span><\/span><\/h2><div class=\"w-separator size_small\"><\/div><div class=\"w-image align_none\"><a href=\"https:\/\/www.mobilverde.com\/wp-content\/uploads\/2021\/08\/weltkarte_4x.png\" ref=\"magnificPopup\" aria-label=\"Link\" class=\"w-image-h\"><img loading=\"lazy\" decoding=\"async\" width=\"1336\" height=\"789\" src=\"https:\/\/www.mobilverde.com\/wp-content\/uploads\/2021\/08\/weltkarte_4x.png\" class=\"attachment-full size-full\" alt=\"\" srcset=\"https:\/\/www.mobilverde.com\/wp-content\/uploads\/2021\/08\/weltkarte_4x.png 1336w, https:\/\/www.mobilverde.com\/wp-content\/uploads\/2021\/08\/weltkarte_4x-300x177.png 300w, https:\/\/www.mobilverde.com\/wp-content\/uploads\/2021\/08\/weltkarte_4x-1024x605.png 1024w\" sizes=\"auto, (max-width: 1336px) 100vw, 1336px\" \/><\/a><\/div><div class=\"wpb_text_column\"><div class=\"wpb_wrapper\"><p><img loading=\"lazy\" decoding=\"async\" class=\"alignnone size-full wp-image-2630\" src=\"https:\/\/www.mobilverde.com\/wp-content\/uploads\/2021\/08\/gruener-haken_4x.png\" alt=\"\" width=\"24\" height=\"14\" \/> Company headquarters\u00a0| <img loading=\"lazy\" decoding=\"async\" class=\"alignnone size-full wp-image-2631\" src=\"https:\/\/www.mobilverde.com\/wp-content\/uploads\/2021\/08\/grauer-haken_4x.png\" alt=\"\" width=\"24\" height=\"14\" \/> external production facilities<\/p>\n<\/div><\/div><div class=\"w-separator size_small\"><\/div><div class=\"wpb_text_column\"><div class=\"wpb_wrapper\"><p>Active globally. At home in the German state of North Rhine-Westphalia. The regional proximity to our customers, personal advice and short distances are especially important to us. As a dependable partner, we continue to successfully supply customers and markets all over the world. At the same time, we provide customer satisfaction on the basis of our high level of technical expertise and customer-specific solutions and services in the widest range of sectors. We regard ourselves as being committed to your success, and therefore support you on the basis of close, professional partnership, along with our outstanding, high quality products and our constant striving to offer you effective services and added value.<\/p>\n<p>Discover our wide range of products, and benefit from our experience and quality.<\/p>\n<\/div><\/div><\/div><\/div><\/div><\/div><\/div><\/section>\n","protected":false},"excerpt":{"rendered":"Concept: \u201cIdeally positioned in all areas!\u201dWe offer you integrated solution approaches, from conception to delivery of the finished product to your global manufacturing sites. Thanks to our expertise in our fields of competence, we realise high quality, technologically innovative and at the same time cost-effective product solutions. Only those who understand the individual areas and...","protected":false},"author":1,"featured_media":2906,"parent":3025,"menu_order":0,"comment_status":"closed","ping_status":"closed","template":"","meta":{"inline_featured_image":false,"footnotes":""},"class_list":["post-2993","page","type-page","status-publish","has-post-thumbnail","hentry"],"yoast_head":"<!-- This site is optimized with the Yoast SEO plugin v19.10 - https:\/\/yoast.com\/wordpress\/plugins\/seo\/ -->\n<title>Unser Konzept | mobilverde<\/title>\n<meta name=\"description\" content=\"Mit langj\u00e4hriger Expertise bieten wir L\u00f6sungsans\u00e4tze von Konzeption bis Anlieferung fertiger Produkte an Ihre globalen Fertigungsstandorte.\" \/>\n<meta name=\"robots\" content=\"index, follow, max-snippet:-1, max-image-preview:large, max-video-preview:-1\" \/>\n<link rel=\"canonical\" href=\"https:\/\/www.mobilverde.com\/en\/about-us\/concept\/\" \/>\n<meta property=\"og:locale\" content=\"en_US\" \/>\n<meta property=\"og:type\" content=\"article\" \/>\n<meta property=\"og:title\" content=\"Unser Konzept | mobilverde\" \/>\n<meta property=\"og:description\" content=\"Mit langj\u00e4hriger Expertise bieten wir L\u00f6sungsans\u00e4tze von Konzeption bis Anlieferung fertiger Produkte an Ihre globalen Fertigungsstandorte.\" \/>\n<meta property=\"og:url\" content=\"https:\/\/www.mobilverde.com\/en\/about-us\/concept\/\" \/>\n<meta property=\"og:site_name\" content=\"Mobilverde\" \/>\n<meta property=\"article:modified_time\" content=\"2024-03-18T15:29:47+00:00\" \/>\n<meta property=\"og:image\" content=\"https:\/\/www.mobilverde.com\/wp-content\/uploads\/2021\/08\/leistungen.jpg\" \/>\n\t<meta property=\"og:image:width\" content=\"1800\" \/>\n\t<meta property=\"og:image:height\" content=\"800\" \/>\n\t<meta property=\"og:image:type\" content=\"image\/jpeg\" \/>\n<meta name=\"twitter:card\" content=\"summary_large_image\" \/>\n<meta name=\"twitter:label1\" content=\"Est. reading time\" \/>\n\t<meta name=\"twitter:data1\" content=\"4 minutes\" \/>\n<script type=\"application\/ld+json\" class=\"yoast-schema-graph\">{\"@context\":\"https:\/\/schema.org\",\"@graph\":[{\"@type\":\"WebPage\",\"@id\":\"https:\/\/www.mobilverde.com\/en\/about-us\/concept\/\",\"url\":\"https:\/\/www.mobilverde.com\/en\/about-us\/concept\/\",\"name\":\"Unser Konzept | mobilverde\",\"isPartOf\":{\"@id\":\"https:\/\/www.mobilverde.com\/en\/#website\"},\"datePublished\":\"2021-07-07T13:29:21+00:00\",\"dateModified\":\"2024-03-18T15:29:47+00:00\",\"description\":\"Mit langj\u00e4hriger Expertise bieten wir L\u00f6sungsans\u00e4tze von Konzeption bis Anlieferung fertiger Produkte an Ihre globalen Fertigungsstandorte.\",\"breadcrumb\":{\"@id\":\"https:\/\/www.mobilverde.com\/en\/about-us\/concept\/#breadcrumb\"},\"inLanguage\":\"en-US\",\"potentialAction\":[{\"@type\":\"ReadAction\",\"target\":[\"https:\/\/www.mobilverde.com\/en\/about-us\/concept\/\"]}]},{\"@type\":\"BreadcrumbList\",\"@id\":\"https:\/\/www.mobilverde.com\/en\/about-us\/concept\/#breadcrumb\",\"itemListElement\":[{\"@type\":\"ListItem\",\"position\":1,\"name\":\"Startseite\",\"item\":\"https:\/\/www.mobilverde.com\/en\/\"},{\"@type\":\"ListItem\",\"position\":2,\"name\":\"About us\",\"item\":\"https:\/\/www.mobilverde.com\/en\/about-us\/\"},{\"@type\":\"ListItem\",\"position\":3,\"name\":\"Concept\"}]},{\"@type\":\"WebSite\",\"@id\":\"https:\/\/www.mobilverde.com\/en\/#website\",\"url\":\"https:\/\/www.mobilverde.com\/en\/\",\"name\":\"Mobilverde\",\"description\":\"Eine weitere WordPress-Website\",\"potentialAction\":[{\"@type\":\"SearchAction\",\"target\":{\"@type\":\"EntryPoint\",\"urlTemplate\":\"https:\/\/www.mobilverde.com\/en\/?s={search_term_string}\"},\"query-input\":\"required name=search_term_string\"}],\"inLanguage\":\"en-US\"}]}<\/script>\n<!-- \/ Yoast SEO plugin. -->","yoast_head_json":{"title":"Unser Konzept | mobilverde","description":"Mit langj\u00e4hriger Expertise bieten wir L\u00f6sungsans\u00e4tze von Konzeption bis Anlieferung fertiger Produkte an Ihre globalen Fertigungsstandorte.","robots":{"index":"index","follow":"follow","max-snippet":"max-snippet:-1","max-image-preview":"max-image-preview:large","max-video-preview":"max-video-preview:-1"},"canonical":"https:\/\/www.mobilverde.com\/en\/about-us\/concept\/","og_locale":"en_US","og_type":"article","og_title":"Unser Konzept | mobilverde","og_description":"Mit langj\u00e4hriger Expertise bieten wir L\u00f6sungsans\u00e4tze von Konzeption bis Anlieferung fertiger Produkte an Ihre globalen Fertigungsstandorte.","og_url":"https:\/\/www.mobilverde.com\/en\/about-us\/concept\/","og_site_name":"Mobilverde","article_modified_time":"2024-03-18T15:29:47+00:00","og_image":[{"width":1800,"height":800,"url":"https:\/\/www.mobilverde.com\/wp-content\/uploads\/2021\/08\/leistungen.jpg","type":"image\/jpeg"}],"twitter_card":"summary_large_image","twitter_misc":{"Est. reading time":"4 minutes"},"schema":{"@context":"https:\/\/schema.org","@graph":[{"@type":"WebPage","@id":"https:\/\/www.mobilverde.com\/en\/about-us\/concept\/","url":"https:\/\/www.mobilverde.com\/en\/about-us\/concept\/","name":"Unser Konzept | mobilverde","isPartOf":{"@id":"https:\/\/www.mobilverde.com\/en\/#website"},"datePublished":"2021-07-07T13:29:21+00:00","dateModified":"2024-03-18T15:29:47+00:00","description":"Mit langj\u00e4hriger Expertise bieten wir L\u00f6sungsans\u00e4tze von Konzeption bis Anlieferung fertiger Produkte an Ihre globalen Fertigungsstandorte.","breadcrumb":{"@id":"https:\/\/www.mobilverde.com\/en\/about-us\/concept\/#breadcrumb"},"inLanguage":"en-US","potentialAction":[{"@type":"ReadAction","target":["https:\/\/www.mobilverde.com\/en\/about-us\/concept\/"]}]},{"@type":"BreadcrumbList","@id":"https:\/\/www.mobilverde.com\/en\/about-us\/concept\/#breadcrumb","itemListElement":[{"@type":"ListItem","position":1,"name":"Startseite","item":"https:\/\/www.mobilverde.com\/en\/"},{"@type":"ListItem","position":2,"name":"About us","item":"https:\/\/www.mobilverde.com\/en\/about-us\/"},{"@type":"ListItem","position":3,"name":"Concept"}]},{"@type":"WebSite","@id":"https:\/\/www.mobilverde.com\/en\/#website","url":"https:\/\/www.mobilverde.com\/en\/","name":"Mobilverde","description":"Eine weitere WordPress-Website","potentialAction":[{"@type":"SearchAction","target":{"@type":"EntryPoint","urlTemplate":"https:\/\/www.mobilverde.com\/en\/?s={search_term_string}"},"query-input":"required name=search_term_string"}],"inLanguage":"en-US"}]}},"_links":{"self":[{"href":"https:\/\/www.mobilverde.com\/en\/wp-json\/wp\/v2\/pages\/2993","targetHints":{"allow":["GET"]}}],"collection":[{"href":"https:\/\/www.mobilverde.com\/en\/wp-json\/wp\/v2\/pages"}],"about":[{"href":"https:\/\/www.mobilverde.com\/en\/wp-json\/wp\/v2\/types\/page"}],"author":[{"embeddable":true,"href":"https:\/\/www.mobilverde.com\/en\/wp-json\/wp\/v2\/users\/1"}],"replies":[{"embeddable":true,"href":"https:\/\/www.mobilverde.com\/en\/wp-json\/wp\/v2\/comments?post=2993"}],"version-history":[{"count":5,"href":"https:\/\/www.mobilverde.com\/en\/wp-json\/wp\/v2\/pages\/2993\/revisions"}],"predecessor-version":[{"id":3432,"href":"https:\/\/www.mobilverde.com\/en\/wp-json\/wp\/v2\/pages\/2993\/revisions\/3432"}],"up":[{"embeddable":true,"href":"https:\/\/www.mobilverde.com\/en\/wp-json\/wp\/v2\/pages\/3025"}],"wp:featuredmedia":[{"embeddable":true,"href":"https:\/\/www.mobilverde.com\/en\/wp-json\/wp\/v2\/media\/2906"}],"wp:attachment":[{"href":"https:\/\/www.mobilverde.com\/en\/wp-json\/wp\/v2\/media?parent=2993"}],"curies":[{"name":"wp","href":"https:\/\/api.w.org\/{rel}","templated":true}]}}